{"id":5389,"date":"2025-04-11T04:34:40","date_gmt":"2025-04-11T04:34:40","guid":{"rendered":"https:\/\/neurociencias.facmed.unam.mx\/?page_id=5389"},"modified":"2025-08-19T14:35:10","modified_gmt":"2025-08-19T14:35:10","slug":"informacion-lnc-2025","status":"publish","type":"page","link":"https:\/\/neurociencias.facmed.unam.mx\/index.php\/informacion-lnc-2025\/","title":{"rendered":"Informaci\u00f3n LNC 2025"},"content":{"rendered":"<p>[et_pb_section fb_built=&#8221;1&#8243; prev_background_color=&#8221;#ffffff&#8221; next_background_color=&#8221;#ffffff&#8221; admin_label=&#8221;LNC misi\u00f3n y vision&#8221; _builder_version=&#8221;4.27.4&#8243; _module_preset=&#8221;74c69059-8e69-4122-b1e6-dfeabf6c5711&#8243; use_background_color_gradient=&#8221;on&#8221; background_color_gradient_stops=&#8221;rgba(0,0,0,0.6) 0%|rgba(0,0,0,0.9) 100%&#8221; background_color_gradient_overlays_image=&#8221;on&#8221; background_color_gradient_start=&#8221;rgba(0,0,0,0.5)&#8221; background_color_gradient_end=&#8221;rgba(0,0,0,0.75)&#8221; background_image=&#8221;https:\/\/neurociencias.facmed.unam.mx\/wp-content\/uploads\/2025\/04\/IMG_7022_Original-scaled.jpg&#8221; parallax=&#8221;on&#8221; background_blend=&#8221;luminosity&#8221; min_height=&#8221;100vh&#8221; min_height_tablet=&#8221;100vh&#8221; min_height_phone=&#8221;100vh&#8221; min_height_last_edited=&#8221;on|tablet&#8221; custom_padding=&#8221;10vw||10vw||true|false&#8221; top_divider_style=&#8221;wave2&#8243; bottom_divider_style=&#8221;wave2&#8243; locked=&#8221;off&#8221; collapsed=&#8221;on&#8221; global_colors_info=&#8221;{}&#8221;][et_pb_row _builder_version=&#8221;4.27.4&#8243; _module_preset=&#8221;5138c454-be54-4233-bd3b-f8e6a8747976&#8243; custom_margin=&#8221;15px||||false|false&#8221; locked=&#8221;off&#8221; global_colors_info=&#8221;{}&#8221;][et_pb_column type=&#8221;4_4&#8243; _builder_version=&#8221;4.23.1&#8243; _module_preset=&#8221;73121f80-a3ef-4484-8763-c3f18e3c56d2&#8243; global_colors_info=&#8221;{}&#8221;][et_pb_heading title=&#8221;Objetivo de la&#8221; _builder_version=&#8221;4.27.4&#8243; _module_preset=&#8221;f0c675ea-2574-4d0e-b725-30f8550a8550&#8243; title_level=&#8221;h4&#8243; title_font=&#8221;Proza Libre|Cormorant Garamond_weight||on|||||&#8221; title_text_align=&#8221;center&#8221; title_text_color=&#8221;#FFFFFF&#8221; title_font_size=&#8221;14px&#8221; title_letter_spacing=&#8221;1px&#8221; title_line_height=&#8221;1.4em&#8221; custom_margin=&#8221;||10px||false|false&#8221; title_font_size_tablet=&#8221;13px&#8221; title_font_size_phone=&#8221;13px&#8221; title_font_size_last_edited=&#8221;on|desktop&#8221; locked=&#8221;off&#8221; global_colors_info=&#8221;{}&#8221;][\/et_pb_heading][et_pb_heading title=&#8221;Licenciatura en Neurociencias&#8221; _builder_version=&#8221;4.27.4&#8243; _module_preset=&#8221;ddeb8c09-9078-4424-bc15-2efb6572e28e&#8221; title_font=&#8221;Actor|Cormorant Garamond_weight||||on|||&#8221; title_text_align=&#8221;center&#8221; title_text_color=&#8221;#FFFFFF&#8221; title_font_size=&#8221;72px&#8221; title_line_height=&#8221;1.15em&#8221; title_font_size_tablet=&#8221;40px&#8221; title_font_size_phone=&#8221;24px&#8221; title_font_size_last_edited=&#8221;on|phone&#8221; locked=&#8221;off&#8221; global_colors_info=&#8221;{}&#8221;][\/et_pb_heading][et_pb_text quote_border_color=&#8221;#FFFFFF&#8221; _builder_version=&#8221;4.24.2&#8243; _module_preset=&#8221;0504de1e-f5ff-4281-ba60-cbbe4edf98bc&#8221; text_font=&#8221;Proza Libre|Proza Libre_weight|||||||&#8221; text_text_color=&#8221;#FFFFFF&#8221; text_font_size=&#8221;16px&#8221; text_line_height=&#8221;1.75em&#8221; link_font=&#8221;||||on||||&#8221; link_text_color=&#8221;#FFFFFF&#8221; quote_font=&#8221;Cormorant Garamond|Cormorant Garamond_weight|||||||&#8221; quote_text_color=&#8221;#FFFFFF&#8221; header_font=&#8221;Cormorant Garamond|Cormorant Garamond_weight|||||||&#8221; header_text_color=&#8221;#FFFFFF&#8221; header_font_size=&#8221;72px&#8221; header_line_height=&#8221;1.15em&#8221; header_2_font=&#8221;Cormorant Garamond|Cormorant Garamond_weight|||||||&#8221; header_2_text_color=&#8221;#FFFFFF&#8221; header_2_font_size=&#8221;50px&#8221; header_2_line_height=&#8221;1.2em&#8221; header_3_font=&#8221;Cormorant Garamond|Cormorant Garamond_weight|||||||&#8221; header_3_text_color=&#8221;#FFFFFF&#8221; header_3_font_size=&#8221;32px&#8221; header_3_line_height=&#8221;1.3em&#8221; header_4_font=&#8221;Cormorant Garamond|Cormorant Garamond_weight|||||||&#8221; header_4_text_color=&#8221;#FFFFFF&#8221; header_4_font_size=&#8221;24px&#8221; header_4_line_height=&#8221;1.4em&#8221; header_5_font=&#8221;Cormorant Garamond|Cormorant Garamond_weight|||||||&#8221; header_5_text_color=&#8221;#FFFFFF&#8221; header_5_font_size=&#8221;18px&#8221; header_5_line_height=&#8221;1.4em&#8221; header_6_font=&#8221;Cormorant Garamond|Cormorant Garamond_weight|||||||&#8221; header_6_text_color=&#8221;#FFFFFF&#8221; header_6_line_height=&#8221;1.5em&#8221; text_orientation=&#8221;center&#8221; custom_margin=&#8221;||||false|false&#8221; text_font_size_tablet=&#8221;15px&#8221; text_font_size_phone=&#8221;14px&#8221; text_font_size_last_edited=&#8221;on|phone&#8221; header_font_size_tablet=&#8221;40px&#8221; header_font_size_phone=&#8221;24px&#8221; header_font_size_last_edited=&#8221;on|desktop&#8221; header_2_font_size_tablet=&#8221;28px&#8221; header_2_font_size_phone=&#8221;20px&#8221; header_2_font_size_last_edited=&#8221;on|phone&#8221; header_3_font_size_tablet=&#8221;22px&#8221; header_3_font_size_phone=&#8221;17px&#8221; header_3_font_size_last_edited=&#8221;on|phone&#8221; header_4_font_size_tablet=&#8221;18px&#8221; header_4_font_size_phone=&#8221;15px&#8221; header_4_font_size_last_edited=&#8221;on|tablet&#8221; header_5_font_size_tablet=&#8221;15px&#8221; header_5_font_size_phone=&#8221;14px&#8221; header_5_font_size_last_edited=&#8221;on|desktop&#8221; header_6_font_size_tablet=&#8221;13px&#8221; header_6_font_size_phone=&#8221;13px&#8221; header_6_font_size_last_edited=&#8221;on|desktop&#8221; locked=&#8221;off&#8221; global_colors_info=&#8221;{%22#03045e%22:%91%22link_text_color%22%93,%22#0e0c19%22:%91%22header_text_color%22,%22header_4_text_color%22,%22header_3_text_color%22,%22header_2_text_color%22,%22header_5_text_color%22,%22header_6_text_color%22,%22quote_text_color%22%93,%22#0077b6%22:%91%22quote_border_color%22%93}&#8221;]<\/p>\n<p style=\"font-weight: 400;\">Formar profesionistas con una preparaci\u00f3n interdisciplinaria que les permita, a trav\u00e9s de un enfoque te\u00f3rico y pr\u00e1ctico, adquirir los conocimientos necesarios para buscar entender el funcionamiento del sistema nervioso, desde lo molecular hasta el comportamiento, con el fin de aplicar sus habilidades en \u00e1reas como la salud, la tecnolog\u00eda, as\u00ed como la educaci\u00f3n y comunicaci\u00f3n p\u00fablica de las neurociencias.<\/p>\n<p style=\"font-weight: 400;\">\u00a0<\/p>\n<p style=\"font-weight: 400;\">Este programa busca que las personas egresadas sean capaces de integrarse en grupos multidisciplinarios tanto de investigaci\u00f3n b\u00e1sica como cl\u00ednica, por ejemplo, sobre problemas neurol\u00f3gicos y psiqui\u00e1tricos, as\u00ed como participar en proyectos de innovaci\u00f3n tecnol\u00f3gica, siempre con un enfoque \u00e9tico y comprometido con el bienestar social.<\/p>\n<p>[\/et_pb_text][\/et_pb_column][\/et_pb_row][et_pb_row column_structure=&#8221;1_2,1_2&#8243; _builder_version=&#8221;4.27.4&#8243; _module_preset=&#8221;default&#8221; height=&#8221;260px&#8221; max_height_tablet=&#8221;&#8221; max_height_phone=&#8221;&#8221; max_height_last_edited=&#8221;on|phone&#8221; global_colors_info=&#8221;{}&#8221;][et_pb_column type=&#8221;1_2&#8243; _builder_version=&#8221;4.27.4&#8243; _module_preset=&#8221;default&#8221; global_colors_info=&#8221;{}&#8221;][et_pb_toggle title=&#8221;Misi\u00f3n&#8221; open_toggle_text_color=&#8221;#0C71C3&#8243; open_toggle_background_color=&#8221;RGBA(255,255,255,0)&#8221; closed_toggle_text_color=&#8221;#FFFFFF&#8221; closed_toggle_background_color=&#8221;RGBA(255,255,255,0)&#8221; icon_color=&#8221;#0C71C3&#8243; use_icon_font_size=&#8221;on&#8221; open_icon_color=&#8221;#FFFFFF&#8221; _builder_version=&#8221;4.27.4&#8243; _module_preset=&#8221;default&#8221; title_text_color=&#8221;#0C71C3&#8243; title_font=&#8221;|600|||||||&#8221; title_font_size=&#8221;20px&#8221; body_text_color=&#8221;#FFFFFF&#8221; body_font_size=&#8221;15px&#8221; background_color=&#8221;RGBA(255,255,255,0)&#8221; background_last_edited=&#8221;on|phone&#8221; border_radii=&#8221;on|15px|15px|15px|15px&#8221; global_colors_info=&#8221;{}&#8221;]<\/p>\n<p>Formar profesionales lideres en el \u00e1mbito de las neurociencias, con una preparaci\u00f3n b\u00e1sica que constituya una plataforma s\u00f3lida para el desarrollo de la investigaci\u00f3n cient\u00edfica y la innovaci\u00f3n tecnol\u00f3gica en el pa\u00eds.<\/p>\n<p>[\/et_pb_toggle][\/et_pb_column][et_pb_column type=&#8221;1_2&#8243; _builder_version=&#8221;4.27.4&#8243; _module_preset=&#8221;default&#8221; global_colors_info=&#8221;{}&#8221;][et_pb_toggle title=&#8221;Visi\u00f3n&#8221; open_toggle_text_color=&#8221;#0C71C3&#8243; open_toggle_background_color=&#8221;RGBA(255,255,255,0)&#8221; closed_toggle_text_color=&#8221;#FFFFFF&#8221; closed_toggle_background_color=&#8221;RGBA(255,255,255,0)&#8221; icon_color=&#8221;#0C71C3&#8243; use_icon_font_size=&#8221;on&#8221; open_icon_color=&#8221;#FFFFFF&#8221; _builder_version=&#8221;4.27.4&#8243; _module_preset=&#8221;default&#8221; title_text_color=&#8221;#0C71C3&#8243; title_font=&#8221;|600|||||||&#8221; title_font_size=&#8221;20px&#8221; body_text_color=&#8221;#FFFFFF&#8221; body_font_size=&#8221;15px&#8221; border_radii=&#8221;on|15px|15px|15px|15px&#8221; global_colors_info=&#8221;{}&#8221;]<\/p>\n<p>Constituirse en el programa l\u00edder del pa\u00eds para la preparaci\u00f3n b\u00e1sica de futuros neurocient\u00edficos y de profesionales en el desarrollo tecnol\u00f3gico, la docencia y la divulgaci\u00f3n de las Neurociencias.<\/p>\n<p>[\/et_pb_toggle][\/et_pb_column][\/et_pb_row][\/et_pb_section][et_pb_section fb_built=&#8221;1&#8243; admin_label=&#8221;Header&#8221; _builder_version=&#8221;4.27.4&#8243; _module_preset=&#8221;default&#8221; use_background_color_gradient=&#8221;on&#8221; background_color_gradient_stops=&#8221;#ffffff 10%|rgba(255,255,255,0.65) 100%&#8221; background_color_gradient_overlays_image=&#8221;on&#8221; background_image=&#8221;https:\/\/neurociencias.facmed.unam.mx\/wp-content\/uploads\/2022\/11\/neurons-gc085ea656_1280.jpg&#8221; parallax=&#8221;on&#8221; background_enable_mask_style=&#8221;on&#8221; background_mask_style=&#8221;diagonal-pills&#8221; background_mask_size=&#8221;cover&#8221; custom_padding=&#8221;0vw||0px||false|false&#8221; collapsed=&#8221;on&#8221; global_colors_info=&#8221;{}&#8221;][et_pb_row column_structure=&#8221;2_3,1_3&#8243; _builder_version=&#8221;4.27.4&#8243; _module_preset=&#8221;default&#8221; custom_padding=&#8221;||0px||false|false&#8221; global_colors_info=&#8221;{}&#8221;][et_pb_column type=&#8221;2_3&#8243; _builder_version=&#8221;4.27.4&#8243; _module_preset=&#8221;default&#8221; global_colors_info=&#8221;{}&#8221;][et_pb_text _builder_version=&#8221;4.27.4&#8243; _module_preset=&#8221;_initial&#8221; text_font=&#8221;Actor|||||on|||&#8221; header_font=&#8221;|700|||||||&#8221; header_text_color=&#8221;#0C71C3&#8243; header_font_size=&#8221;42px&#8221; header_line_height=&#8221;1.2em&#8221; header_4_font=&#8221;Source Sans Pro|600|||||||&#8221; header_4_font_size=&#8221;14px&#8221; min_height=&#8221;80px&#8221; min_height_tablet=&#8221;80px&#8221; min_height_phone=&#8221;80px&#8221; min_height_last_edited=&#8221;on|tablet&#8221; height_tablet=&#8221;100px&#8221; height_phone=&#8221;80px&#8221; height_last_edited=&#8221;on|phone&#8221; custom_margin=&#8221;||10px||false|false&#8221; header_font_size_tablet=&#8221;40px&#8221; header_font_size_phone=&#8221;24px&#8221; header_font_size_last_edited=&#8221;on|desktop&#8221; global_colors_info=&#8221;{%22gcid-a9d8e14e-2f78-408a-a83c-506939196b52%22:%91%22header_text_color%22%93}&#8221;]<\/p>\n<h1>Plan de estudios de la Licenciatura en Neurociencias<\/h1>\n<p>[\/et_pb_text][et_pb_text _builder_version=&#8221;4.27.4&#8243; _module_preset=&#8221;_initial&#8221; text_text_color=&#8221;gcid-a9d8e14e-2f78-408a-a83c-506939196b52&#8243; text_font_size=&#8221;16px&#8221; header_font=&#8221;||||||||&#8221; header_2_font=&#8221;Source Sans Pro|600|||||||&#8221; header_2_font_size=&#8221;48px&#8221; header_2_line_height=&#8221;1.4em&#8221; header_3_font=&#8221;||||||||&#8221; header_3_font_size=&#8221;30px&#8221; header_3_line_height=&#8221;1.4em&#8221; min_height=&#8221;76px&#8221; height_tablet=&#8221;&#8221; height_phone=&#8221;70px&#8221; height_last_edited=&#8221;on|phone&#8221; header_2_font_size_tablet=&#8221;32px&#8221; header_2_font_size_phone=&#8221;20px&#8221; header_2_font_size_last_edited=&#8221;on|desktop&#8221; header_3_font_size_tablet=&#8221;20px&#8221; header_3_font_size_phone=&#8221;16px&#8221; header_3_font_size_last_edited=&#8221;on|phone&#8221; global_colors_info=&#8221;{%22gcid-a9d8e14e-2f78-408a-a83c-506939196b52%22:%91%22text_text_color%22%93}&#8221;]<\/p>\n<p style=\"font-weight: 400;\">El plan de estudios de la Licenciatura en Neurociencias comprende 44 asignaturas, de las cuales 36 son obligatorias y ocho, optativas y un total de 392 cr\u00e9ditos. Sus cinco campos de conocimiento propician, en conjunto, la formaci\u00f3n interdisciplinaria e integral del estudiante.<\/p>\n<p>[\/et_pb_text][\/et_pb_column][et_pb_column type=&#8221;1_3&#8243; _builder_version=&#8221;4.19.1&#8243; _module_preset=&#8221;default&#8221; global_colors_info=&#8221;{}&#8221;][\/et_pb_column][\/et_pb_row][et_pb_row column_structure=&#8221;1_3,1_3,1_3&#8243; use_custom_gutter=&#8221;on&#8221; gutter_width=&#8221;1&#8243; _builder_version=&#8221;4.27.4&#8243; _module_preset=&#8221;default&#8221; height_tablet=&#8221;&#8221; height_phone=&#8221;&#8221; height_last_edited=&#8221;on|tablet&#8221; custom_padding=&#8221;||0px||false|false&#8221; global_colors_info=&#8221;{}&#8221;][et_pb_column type=&#8221;1_3&#8243; _builder_version=&#8221;4.19.1&#8243; _module_preset=&#8221;default&#8221; global_colors_info=&#8221;{}&#8221;][et_pb_button button_url=&#8221;https:\/\/neurociencias.facmed.unam.mx\/wp-content\/uploads\/2022\/05\/Tomo-I-Neurociencias_IDM.pdf&#8221; url_new_window=&#8221;on&#8221; button_text=&#8221;Plan de estudios&#8221; _builder_version=&#8221;4.27.4&#8243; _module_preset=&#8221;_initial&#8221; custom_button=&#8221;on&#8221; button_text_size=&#8221;14px&#8221; button_text_color=&#8221;#0C71C3&#8243; button_border_width=&#8221;1px&#8221; button_border_color=&#8221;#0C71C3&#8243; button_border_radius=&#8221;15px&#8221; button_font=&#8221;Proza Libre|700||on|||||&#8221; background_layout=&#8221;dark&#8221; custom_margin_tablet=&#8221;-70px||||false|false&#8221; custom_margin_phone=&#8221;0px||||false|false&#8221; custom_margin_last_edited=&#8221;on|desktop&#8221; custom_padding=&#8221;12px|24px|12px|24px|true|true&#8221; button_icon_placement_tablet=&#8221;&#8221; button_icon_placement_phone=&#8221;&#8221; button_icon_placement_last_edited=&#8221;on|tablet&#8221; global_colors_info=&#8221;{%22#0077b6%22:%91%22button_bg_color%22%93}&#8221;][\/et_pb_button][\/et_pb_column][et_pb_column type=&#8221;1_3&#8243; _builder_version=&#8221;4.19.1&#8243; _module_preset=&#8221;default&#8221; global_colors_info=&#8221;{}&#8221;][et_pb_button button_url=&#8221;https:\/\/neurociencias.facmed.unam.mx\/wp-content\/uploads\/2022\/04\/plan.pdf&#8221; url_new_window=&#8221;on&#8221; button_text=&#8221;Mapa curricular&#8221; _builder_version=&#8221;4.27.4&#8243; _module_preset=&#8221;_initial&#8221; custom_button=&#8221;on&#8221; button_text_size=&#8221;14px&#8221; button_text_color=&#8221;#0C71C3&#8243; button_border_width=&#8221;1px&#8221; button_border_color=&#8221;#0C71C3&#8243; button_border_radius=&#8221;15px&#8221; button_font=&#8221;Proza Libre|700||on|||||&#8221; background_layout=&#8221;dark&#8221; custom_margin=&#8221;0px||0px||false|false&#8221; custom_margin_tablet=&#8221;-71px|||250px|false|false&#8221; custom_margin_phone=&#8221;15px|||0px|false|false&#8221; custom_margin_last_edited=&#8221;on|phone&#8221; custom_padding=&#8221;12px|24px|12px|24px|true|true&#8221; global_colors_info=&#8221;{%22#0077b6%22:%91%22button_bg_color%22%93}&#8221;][\/et_pb_button][\/et_pb_column][et_pb_column type=&#8221;1_3&#8243; _builder_version=&#8221;4.19.1&#8243; _module_preset=&#8221;default&#8221; global_colors_info=&#8221;{}&#8221;][et_pb_image src=&#8221;https:\/\/neurociencias.facmed.unam.mx\/wp-content\/uploads\/2022\/04\/WhatsApp-Image-2021-01-14-at-14.38.09.jpeg&#8221; title_text=&#8221;WhatsApp-Image-2021-01-14-at-14.38.09&#8243; align=&#8221;right&#8221; _builder_version=&#8221;4.27.4&#8243; _module_preset=&#8221;default&#8221; custom_margin=&#8221;0px||-25px||false|false&#8221; custom_margin_tablet=&#8221;||0px||false|false&#8221; custom_margin_phone=&#8221;||0px||false|false&#8221; custom_margin_last_edited=&#8221;on|desktop&#8221; border_radii=&#8221;on|500px|500px|500px|500px&#8221; border_width_all=&#8221;24px&#8221; border_color_all=&#8221;#FFFFFF&#8221; locked=&#8221;off&#8221; global_colors_info=&#8221;{}&#8221;][\/et_pb_image][\/et_pb_column][\/et_pb_row][\/et_pb_section][et_pb_section fb_built=&#8221;1&#8243; next_background_color=&#8221;#ffffff&#8221; _builder_version=&#8221;4.27.4&#8243; _module_preset=&#8221;default&#8221; background_image=&#8221;https:\/\/neurociencias.facmed.unam.mx\/wp-content\/uploads\/2022\/04\/fondo-azul.jpeg&#8221; parallax=&#8221;on&#8221; width=&#8221;100%&#8221; min_height=&#8221;688px&#8221; height_tablet=&#8221;&#8221; height_phone=&#8221;&#8221; height_last_edited=&#8221;on|phone&#8221; custom_margin=&#8221;-26px||-1px|||&#8221; custom_padding=&#8221;28px||58px|||&#8221; bottom_divider_style=&#8221;wave2&#8243; global_colors_info=&#8221;{}&#8221;][et_pb_row column_structure=&#8221;1_3,1_3,1_3&#8243; _builder_version=&#8221;4.27.4&#8243; _module_preset=&#8221;default&#8221; min_height=&#8221;600px&#8221; min_height_tablet=&#8221;600px&#8221; min_height_phone=&#8221;600px&#8221; min_height_last_edited=&#8221;on|phone&#8221; custom_padding=&#8221;||104px|||&#8221; global_colors_info=&#8221;{}&#8221;][et_pb_column type=&#8221;1_3&#8243; _builder_version=&#8221;4.27.4&#8243; _module_preset=&#8221;default&#8221; global_colors_info=&#8221;{}&#8221;][et_pb_image src=&#8221;https:\/\/neurociencias.facmed.unam.mx\/wp-content\/uploads\/2022\/03\/LOGO-UNAM-01.png&#8221; title_text=&#8221;LOGO UNAM-01&#8243; align=&#8221;center&#8221; _builder_version=&#8221;4.27.4&#8243; _module_preset=&#8221;default&#8221; width=&#8221;80.4%&#8221; height_tablet=&#8221;&#8221; height_phone=&#8221;&#8221; height_last_edited=&#8221;on|tablet&#8221; custom_margin=&#8221;145px|||||&#8221; custom_margin_tablet=&#8221;-30px||-50px||false|false&#8221; custom_margin_phone=&#8221;-20px||-50px||false|false&#8221; custom_margin_last_edited=&#8221;on|phone&#8221; global_colors_info=&#8221;{}&#8221;][\/et_pb_image][\/et_pb_column][et_pb_column type=&#8221;1_3&#8243; _builder_version=&#8221;4.16&#8243; _module_preset=&#8221;default&#8221; global_colors_info=&#8221;{}&#8221;][et_pb_text _builder_version=&#8221;4.27.4&#8243; _module_preset=&#8221;default&#8221; text_font=&#8221;Actor|700||||on|||&#8221; text_text_color=&#8221;#FFFFFF&#8221; text_font_size=&#8221;20px&#8221; header_font=&#8221;|700|||||||&#8221; header_text_color=&#8221;#FFFFFF&#8221; min_height=&#8221;18px&#8221; custom_margin=&#8221;20px||-60px||false|false&#8221; custom_margin_tablet=&#8221;20px||-60px||false|false&#8221; custom_margin_phone=&#8221;20px||-60px||false|false&#8221; custom_margin_last_edited=&#8221;on|phone&#8221; link_option_url_new_window=&#8221;on&#8221; global_colors_info=&#8221;{}&#8221;]<\/p>\n<p><strong>Entidades Participantes<\/strong><span><\/span><\/p>\n<p>&nbsp;<\/p>\n<p>&nbsp;<\/p>\n<p>[\/et_pb_text][et_pb_divider color=&#8221;#FFFFFF&#8221; divider_weight=&#8221;2px&#8221; _builder_version=&#8221;4.16&#8243; _module_preset=&#8221;default&#8221; global_colors_info=&#8221;{}&#8221;][\/et_pb_divider][et_pb_team_member name=&#8221;Directora de la Facultad de Medicina&#8221; position=&#8221;Dra.  Ana Carolina Sep\u00falveda Vild\u00f3sola&#8221; _builder_version=&#8221;4.22.1&#8243; _module_preset=&#8221;default&#8221; header_font=&#8221;||||||||&#8221; header_font_size=&#8221;14px&#8221; body_font=&#8221;|800|||||||&#8221; body_text_color=&#8221;#FFFFFF&#8221; position_text_color=&#8221;#FFFFFF&#8221; background_layout=&#8221;dark&#8221; link_option_url=&#8221;http:\/\/www.facmed.unam.mx&#8221; link_option_url_new_window=&#8221;on&#8221; global_colors_info=&#8221;{}&#8221;][\/et_pb_team_member][et_pb_team_member name=&#8221;Directora del Instituto de Fisiolog\u00eda Celular &#8221; position=&#8221;Dr. Luis Bernardo Tovar y Romo&#8221; _builder_version=&#8221;4.16&#8243; _module_preset=&#8221;default&#8221; header_font=&#8221;||||||||&#8221; header_font_size=&#8221;14px&#8221; body_font=&#8221;|800|||||||&#8221; body_text_color=&#8221;#FFFFFF&#8221; position_text_color=&#8221;#FFFFFF&#8221; background_layout=&#8221;dark&#8221; link_option_url=&#8221;http:\/\/www.ifc.unam.mx&#8221; link_option_url_new_window=&#8221;on&#8221; global_colors_info=&#8221;{}&#8221;][\/et_pb_team_member][et_pb_team_member name=&#8221;Directora del Instituto de Neurobiolog\u00eda &#8221; position=&#8221;Dra. Mar\u00eda Teresa Morales Guzm\u00e1n&#8221; _builder_version=&#8221;4.16&#8243; _module_preset=&#8221;default&#8221; header_font=&#8221;||||||||&#8221; header_font_size=&#8221;14px&#8221; body_font=&#8221;|800|||||||&#8221; body_text_color=&#8221;#FFFFFF&#8221; position_text_color=&#8221;#FFFFFF&#8221; background_layout=&#8221;dark&#8221; link_option_url=&#8221;http:\/\/www.inb.unam.mx&#8221; link_option_url_new_window=&#8221;on&#8221; global_colors_info=&#8221;{}&#8221;][\/et_pb_team_member][et_pb_team_member name=&#8221;Director de la Facultad de Ciencias &#8221; position=&#8221;Dr. V\u00edctor Manuel Vel\u00e1zquez Aguilar&#8221; _builder_version=&#8221;4.16&#8243; _module_preset=&#8221;default&#8221; header_font=&#8221;||||||||&#8221; header_font_size=&#8221;14px&#8221; body_font=&#8221;|800|||||||&#8221; body_text_color=&#8221;#FFFFFF&#8221; position_text_color=&#8221;#FFFFFF&#8221; background_layout=&#8221;dark&#8221; link_option_url=&#8221;https:\/\/www.fciencias.unam.mx&#8221; link_option_url_new_window=&#8221;on&#8221; global_colors_info=&#8221;{}&#8221;][\/et_pb_team_member][et_pb_team_member name=&#8221;Directora de la Facultad de Psicolog\u00eda &#8221; position=&#8221;Dra. Magda Campillo Labrandeo&#8221; _builder_version=&#8221;4.27.4&#8243; _module_preset=&#8221;default&#8221; header_font=&#8221;||||||||&#8221; header_font_size=&#8221;14px&#8221; body_font=&#8221;|800|||||||&#8221; body_text_color=&#8221;#FFFFFF&#8221; position_text_color=&#8221;#FFFFFF&#8221; background_layout=&#8221;dark&#8221; link_option_url=&#8221;http:\/\/www.psicologia.unam.mx&#8221; link_option_url_new_window=&#8221;on&#8221; global_colors_info=&#8221;{}&#8221;][\/et_pb_team_member][\/et_pb_column][et_pb_column type=&#8221;1_3&#8243; _builder_version=&#8221;4.27.4&#8243; _module_preset=&#8221;default&#8221; global_colors_info=&#8221;{}&#8221;][et_pb_text _builder_version=&#8221;4.27.4&#8243; _module_preset=&#8221;default&#8221; text_font=&#8221;Actor|700||||on|||&#8221; text_text_color=&#8221;#FFFFFF&#8221; text_font_size=&#8221;20px&#8221; header_font=&#8221;|700|||||||&#8221; header_text_color=&#8221;#FFFFFF&#8221; min_height=&#8221;18px&#8221; custom_margin=&#8221;20px||-60px||false|false&#8221; link_option_url_new_window=&#8221;on&#8221; global_colors_info=&#8221;{}&#8221;]<\/p>\n<p><strong>Coordinaci\u00f3n de la\u00a0<\/strong><span><\/span>Licenciatura<\/p>\n<p>&nbsp;<\/p>\n<p>&nbsp;<\/p>\n<p>[\/et_pb_text][et_pb_divider color=&#8221;#FFFFFF&#8221; divider_weight=&#8221;2px&#8221; _builder_version=&#8221;4.16&#8243; _module_preset=&#8221;default&#8221; global_colors_info=&#8221;{}&#8221;][\/et_pb_divider][et_pb_text _builder_version=&#8221;4.16&#8243; _module_preset=&#8221;default&#8221; text_text_color=&#8221;#FFFFFF&#8221; header_text_color=&#8221;#FFFFFF&#8221; min_height=&#8221;340px&#8221; link_option_url_new_window=&#8221;on&#8221; global_colors_info=&#8221;{}&#8221;]<\/p>\n<p><span>Coordinadora<\/span><br \/><strong>Dra. Susana Castro Obreg\u00f3n<\/strong><span><\/span><\/p>\n<p><span>Jefe de Ense\u00f1anza<\/span><br \/><strong>Dr. Daniel Guzm\u00e1n Toledo<\/strong><span> <\/span><\/p>\n<p><span>Titulaci\u00f3n y \u00a0Evaluaci\u00f3n<\/span><br \/><strong>Lic. Lisset Germ\u00e1n Rodr\u00edguez<\/strong><\/p>\n<p><span><\/span><span>Vinculaci\u00f3n Acad\u00e9mica<\/span><br \/><strong>Lic. Nancy Gonz\u00e1lez Sandoval<\/strong><strong><\/strong><strong><\/strong><\/p>\n<p><span>\u00c1rea de Integraci\u00f3n<\/span><br \/><strong>Elvira Gonz\u00e1lez \u00c1lvarez<\/strong><span> <\/span><\/p>\n<p><span>Asistente Ejecutiva<\/span><br \/><strong>Margarita Jim\u00e9nez Ramos<\/strong><span><\/span><\/p>\n<p><strong><\/strong><\/p>\n<p>[\/et_pb_text][\/et_pb_column][\/et_pb_row][\/et_pb_section]<\/p>\n","protected":false},"excerpt":{"rendered":"<p>Formar profesionistas con una preparaci\u00f3n interdisciplinaria que les permita, a trav\u00e9s de un enfoque te\u00f3rico y pr\u00e1ctico, adquirir los conocimientos necesarios para buscar entender el funcionamiento del sistema nervioso, desde lo molecular hasta el comportamiento, con el fin de aplicar sus habilidades en \u00e1reas como la salud, la tecnolog\u00eda, as\u00ed como la educaci\u00f3n y comunicaci\u00f3n [&hellip;]<\/p>\n","protected":false},"author":3,"featured_media":0,"parent":0,"menu_order":0,"comment_status":"closed","ping_status":"closed","template":"","meta":{"_et_pb_use_builder":"on","_et_pb_old_content":"","_et_gb_content_width":"","footnotes":""},"class_list":["post-5389","page","type-page","status-publish","hentry"],"jetpack_sharing_enabled":true,"_links":{"self":[{"href":"https:\/\/neurociencias.facmed.unam.mx\/index.php\/wp-json\/wp\/v2\/pages\/5389","targetHints":{"allow":["GET"]}}],"collection":[{"href":"https:\/\/neurociencias.facmed.unam.mx\/index.php\/wp-json\/wp\/v2\/pages"}],"about":[{"href":"https:\/\/neurociencias.facmed.unam.mx\/index.php\/wp-json\/wp\/v2\/types\/page"}],"author":[{"embeddable":true,"href":"https:\/\/neurociencias.facmed.unam.mx\/index.php\/wp-json\/wp\/v2\/users\/3"}],"replies":[{"embeddable":true,"href":"https:\/\/neurociencias.facmed.unam.mx\/index.php\/wp-json\/wp\/v2\/comments?post=5389"}],"version-history":[{"count":33,"href":"https:\/\/neurociencias.facmed.unam.mx\/index.php\/wp-json\/wp\/v2\/pages\/5389\/revisions"}],"predecessor-version":[{"id":9548,"href":"https:\/\/neurociencias.facmed.unam.mx\/index.php\/wp-json\/wp\/v2\/pages\/5389\/revisions\/9548"}],"wp:attachment":[{"href":"https:\/\/neurociencias.facmed.unam.mx\/index.php\/wp-json\/wp\/v2\/media?parent=5389"}],"curies":[{"name":"wp","href":"https:\/\/api.w.org\/{rel}","templated":true}]}}