{"id":965,"date":"2022-05-02T23:09:29","date_gmt":"2022-05-02T23:09:29","guid":{"rendered":"https:\/\/neurociencias.facmed.unam.mx\/?page_id=965"},"modified":"2025-05-03T01:10:13","modified_gmt":"2025-05-03T01:10:13","slug":"965-2","status":"publish","type":"page","link":"https:\/\/neurociencias.facmed.unam.mx\/index.php\/965-2\/","title":{"rendered":"Contacto actualizado"},"content":{"rendered":"<p>[et_pb_section fb_built=&#8221;1&#8243; _builder_version=&#8221;4.27.4&#8243; _module_preset=&#8221;default&#8221; background_image=&#8221;https:\/\/neurociencias.facmed.unam.mx\/wp-content\/uploads\/2022\/03\/bg.jpg&#8221; parallax=&#8221;on&#8221; width=&#8221;100%&#8221; min_height=&#8221;640px&#8221; custom_margin=&#8221;||-227px|||&#8221; custom_padding=&#8221;81px||34px|||&#8221; hover_enabled=&#8221;0&#8243; global_colors_info=&#8221;{}&#8221; top_divider_style=&#8221;wave2&#8243; sticky_enabled=&#8221;0&#8243; bottom_divider_style=&#8221;wave2&#8243; prev_background_color=&#8221;#ffffff&#8221; next_background_color=&#8221;#ffffff&#8221;][et_pb_row _builder_version=&#8221;4.16&#8243; _module_preset=&#8221;default&#8221; global_colors_info=&#8221;{}&#8221;][et_pb_column type=&#8221;4_4&#8243; _builder_version=&#8221;4.16&#8243; _module_preset=&#8221;default&#8221; global_colors_info=&#8221;{}&#8221;][et_pb_text _builder_version=&#8221;4.16&#8243; _module_preset=&#8221;default&#8221; text_font=&#8221;|700|||||||&#8221; text_text_color=&#8221;#FFFFFF&#8221; background_layout=&#8221;dark&#8221; global_colors_info=&#8221;{}&#8221;]<\/p>\n<h1 style=\"text-align: center;\"><strong>CONTACTO<\/strong><\/h1>\n<p>[\/et_pb_text][et_pb_divider color=&#8221;#FFFFFF&#8221; divider_weight=&#8221;2px&#8221; _builder_version=&#8221;4.22.1&#8243; _module_preset=&#8221;default&#8221; custom_margin=&#8221;||10px|||&#8221; global_colors_info=&#8221;{}&#8221;][\/et_pb_divider][et_pb_blurb title=&#8221;Coordinadora Licenciatura en Neurociencias CU&#8221; url_new_window=&#8221;on&#8221; icon_placement=&#8221;left&#8221; image_icon_width=&#8221;120%&#8221; _builder_version=&#8221;4.22.1&#8243; _module_preset=&#8221;default&#8221; header_font=&#8221;|800|||||||&#8221; header_text_align=&#8221;center&#8221; header_text_color=&#8221;#88c4dd&#8221; header_font_size=&#8221;19px&#8221; header_line_height=&#8221;1.3em&#8221; body_font=&#8221;|600|||||||&#8221; body_text_align=&#8221;center&#8221; body_font_size=&#8221;21px&#8221; body_line_height=&#8221;1em&#8221; background_layout=&#8221;dark&#8221; animation=&#8221;off&#8221; locked=&#8221;off&#8221; global_colors_info=&#8221;{}&#8221;]<\/p>\n<p>Dra. Susana Castro Obreg\u00f3n<\/p>\n<p><b><a href=\"mailto:neurocienciasfm@unam.mx\" target=\"_blank\" rel=\"noopener\">neurociencias.cu@unam.mx<\/a><\/b><br \/><b><\/b><\/p>\n<p>&nbsp;<\/p>\n<p>[\/et_pb_blurb][\/et_pb_column][\/et_pb_row][et_pb_row column_structure=&#8221;1_2,1_2&#8243; _builder_version=&#8221;4.16&#8243; _module_preset=&#8221;default&#8221; min_height=&#8221;190.4px&#8221; custom_margin=&#8221;|auto|-87px|auto||&#8221; global_colors_info=&#8221;{}&#8221;][et_pb_column type=&#8221;1_2&#8243; _builder_version=&#8221;4.16&#8243; _module_preset=&#8221;default&#8221; global_colors_info=&#8221;{}&#8221;][et_pb_blurb title=&#8221;Elvira Gonz\u00e1lez \u00c1lvarez&#8221; url_new_window=&#8221;on&#8221; icon_placement=&#8221;left&#8221; _builder_version=&#8221;4.22.1&#8243; _module_preset=&#8221;default&#8221; header_font=&#8221;|800|||||||&#8221; header_text_color=&#8221;#FFFFFF&#8221; header_font_size=&#8221;20px&#8221; body_font=&#8221;|600|||||||&#8221; body_text_color=&#8221;#88c4dd&#8221; body_font_size=&#8221;16px&#8221; body_line_height=&#8221;1em&#8221; custom_margin=&#8221;||40px|||&#8221; animation=&#8221;off&#8221; locked=&#8221;off&#8221; global_colors_info=&#8221;{}&#8221;]<\/p>\n<p>\u00c1rea de Integraci\u00f3n<\/p>\n<p>Asistente de procesos<\/p>\n<p><a href=\"mailto:neurocienciasfm@unam.mx\">neurociencias.cu@unam.mx<\/a><\/p>\n<p>[\/et_pb_blurb][et_pb_text _builder_version=&#8221;4.16&#8243; _module_preset=&#8221;default&#8221; text_text_color=&#8221;#FFFFFF&#8221; text_font_size=&#8221;21px&#8221; global_colors_info=&#8221;{}&#8221;][\/et_pb_text][\/et_pb_column][et_pb_column type=&#8221;1_2&#8243; _builder_version=&#8221;4.16&#8243; _module_preset=&#8221;default&#8221; global_colors_info=&#8221;{}&#8221;][et_pb_blurb title=&#8221;Tel\u00e9fono&#8221; url_new_window=&#8221;on&#8221; icon_placement=&#8221;left&#8221; _builder_version=&#8221;4.22.1&#8243; _module_preset=&#8221;default&#8221; header_font=&#8221;|800|||||||&#8221; header_text_color=&#8221;#88c4dd&#8221; header_font_size=&#8221;20px&#8221; body_font=&#8221;|600|||||||&#8221; body_text_color=&#8221;#FFFFFF&#8221; body_font_size=&#8221;16px&#8221; body_line_height=&#8221;1em&#8221; custom_margin=&#8221;||40px|||&#8221; animation=&#8221;off&#8221; locked=&#8221;off&#8221; global_colors_info=&#8221;{}&#8221;]<\/p>\n<p>Directo: 55 56 23 23 71<\/p>\n<p>Desde el campus Ext. 32371<\/p>\n<p>[\/et_pb_blurb][\/et_pb_column][\/et_pb_row][et_pb_row column_structure=&#8221;1_2,1_2&#8243; _builder_version=&#8221;4.17.3&#8243; _module_preset=&#8221;default&#8221; min_height=&#8221;129px&#8221; custom_margin=&#8221;29px|auto||auto||&#8221; custom_padding=&#8221;21px|||||&#8221; global_colors_info=&#8221;{}&#8221;][et_pb_column type=&#8221;1_2&#8243; _builder_version=&#8221;4.17.3&#8243; _module_preset=&#8221;default&#8221; global_colors_info=&#8221;{}&#8221;][et_pb_blurb title=&#8221;Ense\u00f1anza&#8221; url_new_window=&#8221;on&#8221; image=&#8221;https:\/\/neurociencias.facmed.unam.mx\/wp-content\/uploads\/2022\/05\/ensenanza.png&#8221; icon_placement=&#8221;left&#8221; image_icon_width=&#8221;130%&#8221; _builder_version=&#8221;4.21.0&#8243; _module_preset=&#8221;default&#8221; header_font=&#8221;|800|||||||&#8221; header_text_color=&#8221;#88c4dd&#8221; header_font_size=&#8221;20px&#8221; body_font=&#8221;|600|||||||&#8221; body_font_size=&#8221;16px&#8221; body_line_height=&#8221;1em&#8221; background_layout=&#8221;dark&#8221; custom_margin=&#8221;||40px|||&#8221; animation=&#8221;off&#8221; global_colors_info=&#8221;{}&#8221;]<\/p>\n<p>Dr. Daniel Guzm\u00e1n Toledo<\/p>\n<p><a href=\"mailto:ensenanzaneurocienciasens@facmed.unam.mx\">ensenanzaneurocienciasens@facmed.unam.mx<\/a><\/p>\n<p>Edificio A planta baja<\/p>\n<p>[\/et_pb_blurb][et_pb_blurb title=&#8221; Titulaci\u00f3n &#8221; url_new_window=&#8221;on&#8221; image=&#8221;https:\/\/neurociencias.facmed.unam.mx\/wp-content\/uploads\/2022\/05\/titulacion.png&#8221; icon_placement=&#8221;left&#8221; _builder_version=&#8221;4.22.1&#8243; _module_preset=&#8221;default&#8221; header_font=&#8221;|800|||||||&#8221; header_text_color=&#8221;#88c4dd&#8221; header_font_size=&#8221;20px&#8221; body_font=&#8221;|600|||||||&#8221; body_text_color=&#8221;#FFFFFF&#8221; body_font_size=&#8221;16px&#8221; body_line_height=&#8221;1em&#8221; custom_margin=&#8221;3px||40px|||&#8221; animation=&#8221;off&#8221; global_colors_info=&#8221;{}&#8221;]<\/p>\n<p><span>Lic. Lisset Germ\u00e1n Rodr\u00edguez<\/span><\/p>\n<p><span><a href=\"mailto:titulacionneurociencias@facmed.unam.mx\">titulacionneurociencias@facmed.unam.mx<\/a><a href=\"mailto:titulacionneurociencias@facmed.unam.mx\"><\/a><\/span><span><\/span><\/p>\n<p>Edificio A planta baja<\/p>\n<p>[\/et_pb_blurb][\/et_pb_column][et_pb_column type=&#8221;1_2&#8243; _builder_version=&#8221;4.17.3&#8243; _module_preset=&#8221;default&#8221; global_colors_info=&#8221;{}&#8221;][et_pb_blurb title=&#8221;Vinculaci\u00f3n&#8221; url_new_window=&#8221;on&#8221; image=&#8221;https:\/\/neurociencias.facmed.unam.mx\/wp-content\/uploads\/2022\/05\/vinculacion.png&#8221; icon_placement=&#8221;left&#8221; _builder_version=&#8221;4.27.4&#8243; _module_preset=&#8221;default&#8221; header_font=&#8221;|800|||||||&#8221; header_text_color=&#8221;#88c4dd&#8221; header_font_size=&#8221;20px&#8221; body_font=&#8221;|600|||||||&#8221; body_text_color=&#8221;#FFFFFF&#8221; body_font_size=&#8221;16px&#8221; body_line_height=&#8221;1em&#8221; animation=&#8221;off&#8221; global_colors_info=&#8221;{}&#8221;]<\/p>\n<p>Lic. Nancy Gonz\u00e1lez Sandoval<\/p>\n<p><a href=\"mailto:vinculacionneurociencias@facmed.unam.mx\">vinculacionneurociencias@facmed.unam.mx<\/a><\/p>\n<p>Edificio A planta baja<\/p>\n<p>[\/et_pb_blurb][\/et_pb_column][\/et_pb_row][et_pb_row _builder_version=&#8221;4.22.1&#8243; _module_preset=&#8221;default&#8221; global_colors_info=&#8221;{}&#8221;][et_pb_column type=&#8221;4_4&#8243; _builder_version=&#8221;4.22.1&#8243; _module_preset=&#8221;default&#8221; global_colors_info=&#8221;{}&#8221;][et_pb_blurb url_new_window=&#8221;on&#8221; icon_placement=&#8221;left&#8221; image_icon_width=&#8221;120%&#8221; _builder_version=&#8221;4.22.1&#8243; _module_preset=&#8221;default&#8221; header_font=&#8221;|800|||||||&#8221; header_text_align=&#8221;center&#8221; header_text_color=&#8221;#88c4dd&#8221; header_font_size=&#8221;19px&#8221; header_line_height=&#8221;1.3em&#8221; body_font=&#8221;|600|||||||&#8221; body_text_align=&#8221;center&#8221; body_font_size=&#8221;21px&#8221; body_line_height=&#8221;1em&#8221; background_layout=&#8221;dark&#8221; animation=&#8221;off&#8221; locked=&#8221;off&#8221; global_colors_info=&#8221;{}&#8221;]<\/p>\n<p><span>Informes para Cursos, Talleres y Diplomados<\/span><\/p>\n<p><b><a href=\"mailto:posgradolnc@facmed.unam.mx\" target=\"_blank\" rel=\"noopener\">posgradolnc@facmed.unam.mx<\/a><a href=\"mailto:neurocienciasfm@unam.mx\" target=\"_blank\" rel=\"noopener\"><\/a><\/b><br \/><b><\/b><\/p>\n<p>&nbsp;<\/p>\n<p>[\/et_pb_blurb][\/et_pb_column][\/et_pb_row][\/et_pb_section][et_pb_section fb_built=&#8221;1&#8243; _builder_version=&#8221;4.17.3&#8243; _module_preset=&#8221;default&#8221; min_height=&#8221;294px&#8221; custom_margin=&#8221;234px||-288px|||&#8221; custom_padding=&#8221;6px||0px|||&#8221; saved_tabs=&#8221;all&#8221; global_colors_info=&#8221;{}&#8221;][\/et_pb_section]<\/p>\n","protected":false},"excerpt":{"rendered":"<p>CONTACTODra. Susana Castro Obreg\u00f3n neurociencias.cu@unam.mx &nbsp;\u00c1rea de Integraci\u00f3n Asistente de procesos neurociencias.cu@unam.mxDirecto: 55 56 23 23 71 Desde el campus Ext. 32371Dr. Daniel Guzm\u00e1n Toledo ensenanzaneurocienciasens@facmed.unam.mx Edificio A planta bajaLic. Lisset Germ\u00e1n Rodr\u00edguez titulacionneurociencias@facmed.unam.mx Edificio A planta bajaLic. Nancy Gonz\u00e1lez Sandoval vinculacionneurociencias@facmed.unam.mx Edificio A planta bajaInformes para Cursos, Talleres y Diplomados posgradolnc@facmed.unam.mx &nbsp;<\/p>\n","protected":false},"author":2,"featured_media":0,"parent":0,"menu_order":0,"comment_status":"closed","ping_status":"closed","template":"","meta":{"_et_pb_use_builder":"on","_et_pb_old_content":"","_et_gb_content_width":"","footnotes":""},"class_list":["post-965","page","type-page","status-publish","hentry"],"jetpack_sharing_enabled":true,"_links":{"self":[{"href":"https:\/\/neurociencias.facmed.unam.mx\/index.php\/wp-json\/wp\/v2\/pages\/965","targetHints":{"allow":["GET"]}}],"collection":[{"href":"https:\/\/neurociencias.facmed.unam.mx\/index.php\/wp-json\/wp\/v2\/pages"}],"about":[{"href":"https:\/\/neurociencias.facmed.unam.mx\/index.php\/wp-json\/wp\/v2\/types\/page"}],"author":[{"embeddable":true,"href":"https:\/\/neurociencias.facmed.unam.mx\/index.php\/wp-json\/wp\/v2\/users\/2"}],"replies":[{"embeddable":true,"href":"https:\/\/neurociencias.facmed.unam.mx\/index.php\/wp-json\/wp\/v2\/comments?post=965"}],"version-history":[{"count":38,"href":"https:\/\/neurociencias.facmed.unam.mx\/index.php\/wp-json\/wp\/v2\/pages\/965\/revisions"}],"predecessor-version":[{"id":8291,"href":"https:\/\/neurociencias.facmed.unam.mx\/index.php\/wp-json\/wp\/v2\/pages\/965\/revisions\/8291"}],"wp:attachment":[{"href":"https:\/\/neurociencias.facmed.unam.mx\/index.php\/wp-json\/wp\/v2\/media?parent=965"}],"curies":[{"name":"wp","href":"https:\/\/api.w.org\/{rel}","templated":true}]}}